{"id":8701,"date":"2026-03-09T17:17:34","date_gmt":"2026-03-09T20:17:34","guid":{"rendered":"https:\/\/neumaticoselsauce.com.ar\/tiendapirelli\/?post_type=product&#038;p=8701"},"modified":"2026-03-09T17:23:00","modified_gmt":"2026-03-09T20:23:00","slug":"pirelli-255-40r18-95y-cinturato-p7-run-flat-bmw","status":"publish","type":"product","link":"https:\/\/neumaticoselsauce.com.ar\/tiendapirelli\/producto\/pirelli-255-40r18-95y-cinturato-p7-run-flat-bmw\/","title":{"rendered":"Pirelli 255\/40R18 95Y Cinturato P7 &#8211; Run Flat (BMW)"},"content":{"rendered":"<p>El CINTURATO P7\u2122 es el primer neumatico Pirelli con \u201cprestaciones verdes\u201d. En su dise\u00f1o se han utilizado nuevos materiales, estructuras y un dise\u00f1o de la banda de rodadura destinado a asegurar un alto kilometraje y elevados niveles de confort y seguridad en carretera.<\/p>\n<p><strong>5 a\u00f1os de garant\u00eda de f\u00e1brica por fallas de fabricaci\u00f3n<\/strong><\/p>\n<p><em>Alternativas de lectura<\/em><br \/><em>255\/40\/18, 255\/40\/r18, 255-40-18, 2554018, 255 40 18, 255*40*18<\/em><\/p>\n","protected":false},"excerpt":{"rendered":"<p>El CINTURATO P7\u2122 es el primer neumatico Pirelli con \u201cprestaciones verdes\u201d. En su dise\u00f1o se han utilizado nuevos materiales, estructuras y un dise\u00f1o de la banda de rodadura destinado a<\/p>\n","protected":false},"featured_media":5359,"comment_status":"open","ping_status":"closed","template":"","meta":[],"product_brand":[],"product_cat":[339],"product_tag":[416],"class_list":{"0":"post-8701","1":"product","2":"type-product","3":"status-publish","4":"has-post-thumbnail","6":"product_cat-cinturato-p7","7":"product_tag-run-flat","8":"pa_ancho-301","9":"pa_aro-303","10":"pa_detalle-black-letter","11":"pa_neumaticos-marcados-bmw","12":"pa_relacion-326","13":"pa_season-summer","14":"pa_tecnologia-run-flat","15":"pa_tipo-de-vehiculo-car","16":"pa_tyre-brand-cinturato-p7","18":"first","19":"outofstock","20":"shipping-taxable","21":"product-type-simple"},"_links":{"self":[{"href":"https:\/\/neumaticoselsauce.com.ar\/tiendapirelli\/wp-json\/wp\/v2\/product\/8701","targetHints":{"allow":["GET"]}}],"collection":[{"href":"https:\/\/neumaticoselsauce.com.ar\/tiendapirelli\/wp-json\/wp\/v2\/product"}],"about":[{"href":"https:\/\/neumaticoselsauce.com.ar\/tiendapirelli\/wp-json\/wp\/v2\/types\/product"}],"replies":[{"embeddable":true,"href":"https:\/\/neumaticoselsauce.com.ar\/tiendapirelli\/wp-json\/wp\/v2\/comments?post=8701"}],"wp:featuredmedia":[{"embeddable":true,"href":"https:\/\/neumaticoselsauce.com.ar\/tiendapirelli\/wp-json\/wp\/v2\/media\/5359"}],"wp:attachment":[{"href":"https:\/\/neumaticoselsauce.com.ar\/tiendapirelli\/wp-json\/wp\/v2\/media?parent=8701"}],"wp:term":[{"taxonomy":"product_brand","embeddable":true,"href":"https:\/\/neumaticoselsauce.com.ar\/tiendapirelli\/wp-json\/wp\/v2\/product_brand?post=8701"},{"taxonomy":"product_cat","embeddable":true,"href":"https:\/\/neumaticoselsauce.com.ar\/tiendapirelli\/wp-json\/wp\/v2\/product_cat?post=8701"},{"taxonomy":"product_tag","embeddable":true,"href":"https:\/\/neumaticoselsauce.com.ar\/tiendapirelli\/wp-json\/wp\/v2\/product_tag?post=8701"}],"curies":[{"name":"wp","href":"https:\/\/api.w.org\/{rel}","templated":true}]}}